{"id":17,"date":"2026-03-18T13:50:34","date_gmt":"2026-03-18T12:50:34","guid":{"rendered":"http:\/\/polanowscy.com.pl\/?page_id=17"},"modified":"2026-03-18T13:52:33","modified_gmt":"2026-03-18T12:52:33","slug":"strona-podstawowa","status":"publish","type":"page","link":"http:\/\/polanowscy.com.pl\/","title":{"rendered":"Strona podstawowa"},"content":{"rendered":"\t\t<div data-elementor-type=\"wp-post\" data-elementor-id=\"17\" class=\"elementor elementor-17\">\n\t\t\t\t<div class=\"elementor-element elementor-element-6a68158 e-flex e-con-boxed e-con e-parent\" data-id=\"6a68158\" data-element_type=\"container\" data-e-type=\"container\">\n\t\t\t\t\t<div class=\"e-con-inner\">\n\t\t\t\t<div class=\"elementor-element elementor-element-80c99e9 elementor-widget elementor-widget-image\" data-id=\"80c99e9\" data-element_type=\"widget\" data-e-type=\"widget\" data-widget_type=\"image.default\">\n\t\t\t\t\t\t\t\t\t\t\t\t\t\t\t<img decoding=\"async\" width=\"258\" height=\"148\" src=\"http:\/\/polanowscy.com.pl\/wp-content\/uploads\/2026\/03\/Logo-Polan.png\" class=\"attachment-medium size-medium wp-image-33\" alt=\"\" \/>\t\t\t\t\t\t\t\t\t\t\t\t\t\t\t<\/div>\n\t\t\t\t<div class=\"elementor-element elementor-element-ce38043 elementor-widget elementor-widget-spacer\" data-id=\"ce38043\" data-element_type=\"widget\" data-e-type=\"widget\" data-widget_type=\"spacer.default\">\n\t\t\t\t\t\t\t<div class=\"elementor-spacer\">\n\t\t\t<div class=\"elementor-spacer-inner\"><\/div>\n\t\t<\/div>\n\t\t\t\t\t\t<\/div>\n\t\t\t\t<div class=\"elementor-element elementor-element-c31d4a1 elementor-widget elementor-widget-heading\" data-id=\"c31d4a1\" data-element_type=\"widget\" data-e-type=\"widget\" data-widget_type=\"heading.default\">\n\t\t\t\t\t<h2 class=\"elementor-heading-title elementor-size-default\">Wycena nieruchomo\u015bci dla spraw wymagaj\u0105cych precyzji, do\u015bwiadczenia i argumentacji eksperckiej<\/h2>\t\t\t\t<\/div>\n\t\t\t\t\t<\/div>\n\t\t\t\t<\/div>\n\t\t<div class=\"elementor-element elementor-element-2f00ef2 e-flex e-con-boxed e-con e-parent\" data-id=\"2f00ef2\" data-element_type=\"container\" data-e-type=\"container\">\n\t\t\t\t\t<div class=\"e-con-inner\">\n\t\t\t\t<div class=\"elementor-element elementor-element-2da2335 elementor-widget-divider--view-line elementor-widget elementor-widget-divider\" data-id=\"2da2335\" data-element_type=\"widget\" data-e-type=\"widget\" data-widget_type=\"divider.default\">\n\t\t\t\t\t\t\t<div class=\"elementor-divider\">\n\t\t\t<span class=\"elementor-divider-separator\">\n\t\t\t\t\t\t<\/span>\n\t\t<\/div>\n\t\t\t\t\t\t<\/div>\n\t\t\t\t\t<\/div>\n\t\t\t\t<\/div>\n\t\t<div class=\"elementor-element elementor-element-0ed9cc2 e-grid e-con-boxed e-con e-parent\" data-id=\"0ed9cc2\" data-element_type=\"container\" data-e-type=\"container\">\n\t\t\t\t\t<div class=\"e-con-inner\">\n\t\t\t\t<div class=\"elementor-element elementor-element-9f46a19 elementor-widget elementor-widget-text-editor\" data-id=\"9f46a19\" data-element_type=\"widget\" data-e-type=\"widget\" data-widget_type=\"text-editor.default\">\n\t\t\t\t\t\t\t\t\t<p><strong>Dlaczego klienci trafiaj\u0105 w\u0142a\u015bnie tutaj<\/strong><\/p><ul><li>do\u015bwiadczenie w sprawach z\u0142o\u017conych<\/li><li><span style=\"font-size: 1rem;\">podej\u015bcie analityczne i interdyscyplinarne<\/span><\/li><li><span style=\"font-size: 1rem;\">precyzja dokumentacyjna<\/span><\/li><li><span style=\"font-size: 1rem;\">komunikacja zrozumia\u0142a dla prawnik\u00f3w, bank\u00f3w i w\u0142a\u015bcicieli<\/span><\/li><li><span style=\"font-size: 1rem;\">praca na danych rynkowych i dokumentach<\/span><\/li><\/ul>\t\t\t\t\t\t\t\t<\/div>\n\t\t\t\t<div class=\"elementor-element elementor-element-186c3c1 elementor-widget elementor-widget-text-editor\" data-id=\"186c3c1\" data-element_type=\"widget\" data-e-type=\"widget\" data-widget_type=\"text-editor.default\">\n\t\t\t\t\t\t\t\t\t<p><strong>Liczby z sensem<\/strong><\/p><ul><li>35+ lat do\u015bwiadczenia<\/li><li>nieruchomo\u015bci komercyjne i specjalistyczne<\/li><li>ekspertyzy, operaty, due diligence<\/li><li>wsparcie spraw s\u0105dowych i inwestycyjnych<\/li><\/ul>\t\t\t\t\t\t\t\t<\/div>\n\t\t\t\t<div class=\"elementor-element elementor-element-36c396e elementor-widget elementor-widget-text-editor\" data-id=\"36c396e\" data-element_type=\"widget\" data-e-type=\"widget\" data-widget_type=\"text-editor.default\">\n\t\t\t\t\t\t\t\t\t<p><strong>Proces wsp\u00f3\u0142pracy<\/strong><\/p><ul><li>Rozpoznanie sprawy<\/li><li>Analiza dokument\u00f3w i celu wyceny<\/li><li>Opracowanie<\/li><li>Om\u00f3wienie wniosk\u00f3w<\/li><\/ul>\t\t\t\t\t\t\t\t<\/div>\n\t\t\t\t\t<\/div>\n\t\t\t\t<\/div>\n\t\t<div class=\"elementor-element elementor-element-b30d9d7 e-flex e-con-boxed e-con e-parent\" data-id=\"b30d9d7\" data-element_type=\"container\" data-e-type=\"container\">\n\t\t\t\t\t<div class=\"e-con-inner\">\n\t\t\t\t<div class=\"elementor-element elementor-element-d1d3461 elementor-widget-divider--view-line elementor-widget elementor-widget-divider\" data-id=\"d1d3461\" data-element_type=\"widget\" data-e-type=\"widget\" data-widget_type=\"divider.default\">\n\t\t\t\t\t\t\t<div class=\"elementor-divider\">\n\t\t\t<span class=\"elementor-divider-separator\">\n\t\t\t\t\t\t<\/span>\n\t\t<\/div>\n\t\t\t\t\t\t<\/div>\n\t\t\t\t\t<\/div>\n\t\t\t\t<\/div>\n\t\t<div class=\"elementor-element elementor-element-9614165 e-flex e-con-boxed e-con e-parent\" data-id=\"9614165\" data-element_type=\"container\" data-e-type=\"container\">\n\t\t\t\t\t<div class=\"e-con-inner\">\n\t\t<div class=\"elementor-element elementor-element-744dfd2 e-grid e-con-full e-con e-child\" data-id=\"744dfd2\" data-element_type=\"container\" data-e-type=\"container\">\n\t\t\t\t<div class=\"elementor-element elementor-element-feb6d82 elementor-widget elementor-widget-text-editor\" data-id=\"feb6d82\" data-element_type=\"widget\" data-e-type=\"widget\" data-widget_type=\"text-editor.default\">\n\t\t\t\t\t\t\t\t\t<p><strong>E-mail<\/strong><\/p><p>biuro@polanowscy.com.pl<\/p>\t\t\t\t\t\t\t\t<\/div>\n\t\t\t\t<div class=\"elementor-element elementor-element-aca716c elementor-widget elementor-widget-text-editor\" data-id=\"aca716c\" data-element_type=\"widget\" data-e-type=\"widget\" data-widget_type=\"text-editor.default\">\n\t\t\t\t\t\t\t\t\t<p><strong>Telefon<\/strong><\/p><p>500 815 083<\/p>\t\t\t\t\t\t\t\t<\/div>\n\t\t\t\t<div class=\"elementor-element elementor-element-a815c3b elementor-widget elementor-widget-text-editor\" data-id=\"a815c3b\" data-element_type=\"widget\" data-e-type=\"widget\" data-widget_type=\"text-editor.default\">\n\t\t\t\t\t\t\t\t\t<p><strong>Dane rejestrowe<\/strong><\/p><p>Polanowscy Residential sp. z o.o.<br \/>ul. Nowy \u015awiat 33 m. 13<br \/>00-029 Warszawa<\/p><p>&#8211; KRS 0000248751<br \/>&#8211; NIP 5261037921<br \/>&#8211; REGON 008422350<\/p>\t\t\t\t\t\t\t\t<\/div>\n\t\t\t\t<\/div>\n\t\t\t\t\t<\/div>\n\t\t\t\t<\/div>\n\t\t\t\t<\/div>\n\t\t","protected":false},"excerpt":{"rendered":"<p>Wycena nieruchomo\u015bci dla spraw wymagaj\u0105cych precyzji, do\u015bwiadczenia i argumentacji eksperckiej Dlaczego klienci trafiaj\u0105 w\u0142a\u015bnie tutaj do\u015bwiadczenie w sprawach z\u0142o\u017conych podej\u015bcie analityczne i interdyscyplinarne precyzja dokumentacyjna komunikacja zrozumia\u0142a dla prawnik\u00f3w, bank\u00f3w i w\u0142a\u015bcicieli praca na danych rynkowych i dokumentach Liczby z sensem 35+ lat do\u015bwiadczenia nieruchomo\u015bci komercyjne i specjalistyczne ekspertyzy, operaty, due diligence wsparcie spraw s\u0105dowych [&hellip;]<\/p>\n","protected":false},"author":1,"featured_media":0,"parent":0,"menu_order":0,"comment_status":"closed","ping_status":"closed","template":"","meta":{"footnotes":""},"class_list":["post-17","page","type-page","status-publish","hentry"],"_links":{"self":[{"href":"http:\/\/polanowscy.com.pl\/index.php?rest_route=\/wp\/v2\/pages\/17","targetHints":{"allow":["GET"]}}],"collection":[{"href":"http:\/\/polanowscy.com.pl\/index.php?rest_route=\/wp\/v2\/pages"}],"about":[{"href":"http:\/\/polanowscy.com.pl\/index.php?rest_route=\/wp\/v2\/types\/page"}],"author":[{"embeddable":true,"href":"http:\/\/polanowscy.com.pl\/index.php?rest_route=\/wp\/v2\/users\/1"}],"replies":[{"embeddable":true,"href":"http:\/\/polanowscy.com.pl\/index.php?rest_route=%2Fwp%2Fv2%2Fcomments&post=17"}],"version-history":[{"count":28,"href":"http:\/\/polanowscy.com.pl\/index.php?rest_route=\/wp\/v2\/pages\/17\/revisions"}],"predecessor-version":[{"id":58,"href":"http:\/\/polanowscy.com.pl\/index.php?rest_route=\/wp\/v2\/pages\/17\/revisions\/58"}],"wp:attachment":[{"href":"http:\/\/polanowscy.com.pl\/index.php?rest_route=%2Fwp%2Fv2%2Fmedia&parent=17"}],"curies":[{"name":"wp","href":"https:\/\/api.w.org\/{rel}","templated":true}]}}